{"id":178,"date":"2025-08-04T13:34:16","date_gmt":"2025-08-04T11:34:16","guid":{"rendered":"https:\/\/www.atletismopalma.org\/?page_id=178"},"modified":"2026-02-23T11:52:31","modified_gmt":"2026-02-23T10:52:31","slug":"178-2","status":"publish","type":"page","link":"https:\/\/www.atletismopalma.org\/","title":{"rendered":"Home"},"content":{"rendered":"<p>[et_pb_section fb_built=\u00bb1&#8243; _builder_version=\u00bb4.27.4&#8243; _module_preset=\u00bbdefault\u00bb background_image=\u00bbhttps:\/\/www.atletismopalma.org\/wp-content\/uploads\/2025\/08\/Fondo1.jpg\u00bb custom_margin=\u00bb-194px||8px||false|false\u00bb custom_padding=\u00bb5px||164px||false|false\u00bb da_disable_devices=\u00bboff|off|off\u00bb global_colors_info=\u00bb{}\u00bb da_is_popup=\u00bboff\u00bb da_exit_intent=\u00bboff\u00bb da_has_close=\u00bbon\u00bb da_alt_close=\u00bboff\u00bb da_dark_close=\u00bboff\u00bb da_not_modal=\u00bbon\u00bb da_is_singular=\u00bboff\u00bb da_with_loader=\u00bboff\u00bb da_has_shadow=\u00bbon\u00bb][et_pb_row _builder_version=\u00bb4.27.4&#8243; _module_preset=\u00bbdefault\u00bb custom_margin=\u00bb-91px||||false|false\u00bb global_colors_info=\u00bb{}\u00bb][et_pb_column type=\u00bb4_4&#8243; _builder_version=\u00bb4.27.4&#8243; _module_preset=\u00bbdefault\u00bb global_colors_info=\u00bb{}\u00bb][et_pb_slider use_bg_overlay=\u00bboff\u00bb use_text_overlay=\u00bboff\u00bb _builder_version=\u00bb4.27.4&#8243; _module_preset=\u00bbdefault\u00bb background_image=\u00bbhttps:\/\/www.atletismopalma.org\/wp-content\/uploads\/2025\/08\/Andujar300325102.jpg\u00bb custom_margin=\u00bb201px||||false|false\u00bb hover_enabled=\u00bb0&#8243; global_colors_info=\u00bb{}\u00bb sticky_enabled=\u00bb0&#8243;][et_pb_slide heading=\u00bbEscuela de P\u00e9rtiga\u00bb _builder_version=\u00bb4.27.4&#8243; _module_preset=\u00bbdefault\u00bb background_color=\u00bb#7CDA24&#8243; background_enable_color=\u00bbon\u00bb background_image=\u00bbhttps:\/\/www.atletismopalma.org\/wp-content\/uploads\/2025\/08\/GrupoPertiga.jpg\u00bb background_enable_image=\u00bbon\u00bb hover_enabled=\u00bb0&#8243; global_colors_info=\u00bb{}\u00bb sticky_transition=\u00bbon\u00bb sticky_enabled=\u00bb0&#8243;][\/et_pb_slide][et_pb_slide heading=\u00bbCompetici\u00f3n en Pista\u00bb _builder_version=\u00bb4.27.4&#8243; _module_preset=\u00bbdefault\u00bb background_image=\u00bbhttps:\/\/www.atletismopalma.org\/wp-content\/uploads\/2025\/08\/Andujar300325102_1-1.jpg\u00bb background_enable_image=\u00bbon\u00bb hover_enabled=\u00bb0&#8243; global_colors_info=\u00bb{}\u00bb sticky_transition=\u00bbon\u00bb sticky_enabled=\u00bb0&#8243;][\/et_pb_slide][\/et_pb_slider][\/et_pb_column][\/et_pb_row][et_pb_row column_structure=\u00bb1_2,1_2&#8243; _builder_version=\u00bb4.27.4&#8243; _module_preset=\u00bbdefault\u00bb custom_margin=\u00bb||80px||false|false\u00bb border_width_top=\u00bb5px\u00bb border_width_bottom=\u00bb6px\u00bb global_colors_info=\u00bb{}\u00bb][et_pb_column type=\u00bb1_2&#8243; _builder_version=\u00bb4.27.4&#8243; _module_preset=\u00bbdefault\u00bb global_colors_info=\u00bb{}\u00bb][et_pb_text _builder_version=\u00bb4.27.4&#8243; _module_preset=\u00bbdefault\u00bb header_font=\u00bbInter|700|||||||\u00bb header_font_size=\u00bb41px\u00bb custom_margin=\u00bb||29px|||\u00bb global_colors_info=\u00bb{}\u00bb]<\/p>\n<h1>PALMATHL\u00d3N<\/h1>\n<p>[\/et_pb_text][et_pb_text _builder_version=\u00bb4.27.4&#8243; _module_preset=\u00bbdefault\u00bb text_font=\u00bbInter||||||||\u00bb text_text_color=\u00bb#000000&#8243; text_font_size=\u00bb17px\u00bb text_line_height=\u00bb1.8em\u00bb width=\u00bb100%\u00bb custom_margin=\u00bb|-54px||||\u00bb global_colors_info=\u00bb{}\u00bb]<\/p>\n<p>El Club de Atletismo Palmathl\u00f3n con n\u00famero de inscripci\u00f3n en el Registro Andaluz de Entidades Deportivas (RAED) 021045, en virtud de la Resoluci\u00f3n de 27 de septiembre de 2022, posee sus estatutos actualizados y est\u00e1 inscrita en el C\u00f3digo de Buen Gobierno en el RAED.<\/p>\n<p>Sus escuelas est\u00e1n incluidas en el Plan de Deporte Escolar de la Junta de Andaluc\u00eda.<\/p>\n<p>Nuestro Club est\u00e1 incluido en el Registro Interno de Protecci\u00f3n de la Persona Menor (RIPROMEN) con el n\u00famero 00128, quedando registrada la aceptaci\u00f3n del Protocolo Marco de Actuaci\u00f3n para la Protecci\u00f3n de las Personas Menores frente a la Violencia en el Deporte.<\/p>\n<p>[\/et_pb_text][et_pb_button button_url=\u00bb#mensaje\u00bb button_text=\u00bbConsulta\u00bb button_alignment=\u00bbright\u00bb _builder_version=\u00bb4.27.4&#8243; _module_preset=\u00bbdefault\u00bb box_shadow_style=\u00bbpreset6&#8243; global_colors_info=\u00bb{}\u00bb][\/et_pb_button][\/et_pb_column][et_pb_column type=\u00bb1_2&#8243; _builder_version=\u00bb4.27.4&#8243; _module_preset=\u00bbdefault\u00bb global_colors_info=\u00bb{}\u00bb][et_pb_image src=\u00bbhttps:\/\/www.atletismopalma.org\/wp-content\/uploads\/2025\/07\/escudo_con_letrasnegro.jpg\u00bb title_text=\u00bbescudo_con_letrasnegro\u00bb _builder_version=\u00bb4.27.4&#8243; _module_preset=\u00bbdefault\u00bb width=\u00bb40%\u00bb module_alignment=\u00bbright\u00bb custom_margin=\u00bb|||375px||\u00bb border_width_all=\u00bb4px\u00bb border_color_all=\u00bb#E09900&#8243; global_colors_info=\u00bb{}\u00bb][\/et_pb_image][et_pb_image src=\u00bbhttps:\/\/www.atletismopalma.org\/wp-content\/uploads\/2026\/02\/logosInstitu.png\u00bb _builder_version=\u00bb4.27.4&#8243; _module_preset=\u00bbdefault\u00bb title_text=\u00bblogosInstitu\u00bb align=\u00bbright\u00bb hover_enabled=\u00bb0&#8243; sticky_enabled=\u00bb0&#8243;][\/et_pb_image][et_pb_image src=\u00bbhttps:\/\/www.atletismopalma.org\/wp-content\/uploads\/2026\/02\/ODS.png\u00bb _builder_version=\u00bb4.27.4&#8243; _module_preset=\u00bbdefault\u00bb title_text=\u00bbODS\u00bb align=\u00bbright\u00bb custom_margin=\u00bb-20px||||false|false\u00bb hover_enabled=\u00bb0&#8243; sticky_enabled=\u00bb0&#8243;][\/et_pb_image][\/et_pb_column][\/et_pb_row][et_pb_row _builder_version=\u00bb4.27.4&#8243; _module_preset=\u00bbdefault\u00bb global_colors_info=\u00bb{}\u00bb][et_pb_column type=\u00bb4_4&#8243; _builder_version=\u00bb4.27.4&#8243; _module_preset=\u00bbdefault\u00bb global_colors_info=\u00bb{}\u00bb][et_pb_text _builder_version=\u00bb4.27.4&#8243; _module_preset=\u00bbdefault\u00bb header_font=\u00bbInter|700|||||||\u00bb global_colors_info=\u00bb{}\u00bb]<\/p>\n<h1>ENTRADAS<\/h1>\n<p>[\/et_pb_text][et_pb_blog fullwidth=\u00bboff\u00bb posts_number=\u00bb3&#8243; include_categories=\u00bb3&#8243; use_manual_excerpt=\u00bboff\u00bb excerpt_length=\u00bb100&#8243; show_more=\u00bbon\u00bb show_author=\u00bboff\u00bb show_date=\u00bboff\u00bb show_categories=\u00bboff\u00bb masonry_tile_background_color=\u00bb#FFFFFF\u00bb _builder_version=\u00bb4.27.4&#8243; _module_preset=\u00bbdefault\u00bb header_font=\u00bbInter||||||||\u00bb border_width_all_image=\u00bb7px\u00bb border_color_all_image=\u00bb#FFFFFF\u00bb box_shadow_style_image=\u00bbpreset2&#8243; global_colors_info=\u00bb{}\u00bb][\/et_pb_blog][\/et_pb_column][\/et_pb_row][et_pb_row _builder_version=\u00bb4.27.4&#8243; _module_preset=\u00bbdefault\u00bb global_colors_info=\u00bb{}\u00bb][et_pb_column type=\u00bb4_4&#8243; _builder_version=\u00bb4.27.4&#8243; _module_preset=\u00bbdefault\u00bb global_colors_info=\u00bb{}\u00bb][et_pb_text _builder_version=\u00bb4.27.4&#8243; _module_preset=\u00bbdefault\u00bb text_font=\u00bbInter|700|||||||\u00bb header_font=\u00bbInter|700|on||||||\u00bb header_text_align=\u00bbleft\u00bb header_text_color=\u00bb#000000&#8243; header_font_size=\u00bb20px\u00bb global_colors_info=\u00bb{}\u00bb]<\/p>\n<h2>ORGANISMOS COLABORADORES<\/h2>\n<p>[\/et_pb_text][\/et_pb_column][\/et_pb_row][et_pb_row column_structure=\u00bb1_4,1_4,1_4,1_4&#8243; _builder_version=\u00bb4.27.4&#8243; _module_preset=\u00bbdefault\u00bb custom_margin=\u00bb-24px||-23px||false|false\u00bb border_width_top=\u00bb7px\u00bb border_color_top=\u00bb#E09900&#8243; border_width_bottom=\u00bb7px\u00bb border_color_bottom=\u00bb#E09900&#8243; global_colors_info=\u00bb{}\u00bb][et_pb_column type=\u00bb1_4&#8243; _builder_version=\u00bb4.27.4&#8243; _module_preset=\u00bbdefault\u00bb global_colors_info=\u00bb{}\u00bb][et_pb_blurb title=\u00bbJunta de Andaluc\u00eda\u00bb image_icon_background_color=\u00bbRGBA(255,255,255,0)\u00bb image=\u00bbhttps:\/\/www.atletismopalma.org\/wp-content\/uploads\/2025\/08\/LOGO-CONSEJERIA.png\u00bb image_icon_width=\u00bb118%\u00bb _builder_version=\u00bb4.27.4&#8243; _module_preset=\u00bbdefault\u00bb header_font=\u00bbInter||||||||\u00bb header_text_align=\u00bbcenter\u00bb background_color=\u00bbRGBA(255,255,255,0)\u00bb link_option_url=\u00bbhttps:\/\/www.juntadeandalucia.es\/organismos\/culturaydeporte\/areas\/deporte.html\u00bb link_option_url_new_window=\u00bbon\u00bb border_color_all=\u00bb#E09900&#8243; border_width_all_image=\u00bb5px\u00bb border_color_all_image=\u00bb#E09900&#8243; box_shadow_style_image=\u00bbpreset2&#8243; box_shadow_horizontal_image=\u00bb21px\u00bb global_colors_info=\u00bb{}\u00bb][\/et_pb_blurb][\/et_pb_column][et_pb_column type=\u00bb1_4&#8243; _builder_version=\u00bb4.27.4&#8243; _module_preset=\u00bbdefault\u00bb global_colors_info=\u00bb{}\u00bb][et_pb_blurb title=\u00bbDiputaci\u00f3n de C\u00f3rdoba\u00bb image_icon_background_color=\u00bb#E09900&#8243; image=\u00bbhttps:\/\/www.atletismopalma.org\/wp-content\/uploads\/2025\/08\/LOgoDiputacionCuadrado.jpg\u00bb _builder_version=\u00bb4.27.4&#8243; _module_preset=\u00bbdefault\u00bb header_font=\u00bbInter||||||||\u00bb header_text_align=\u00bbcenter\u00bb link_option_url=\u00bbhttps:\/\/www.dipucordoba.es\/\u00bb link_option_url_new_window=\u00bbon\u00bb border_width_all_image=\u00bb5px\u00bb border_color_all_image=\u00bb#E09900&#8243; box_shadow_style_image=\u00bbpreset2&#8243; box_shadow_horizontal_image=\u00bb10px\u00bb global_colors_info=\u00bb{}\u00bb][\/et_pb_blurb][\/et_pb_column][et_pb_column type=\u00bb1_4&#8243; _builder_version=\u00bb4.27.4&#8243; _module_preset=\u00bbdefault\u00bb global_colors_info=\u00bb{}\u00bb][et_pb_blurb title=\u00bbAyto. Palma del R\u00edo\u00bb image=\u00bbhttps:\/\/www.atletismopalma.org\/wp-content\/uploads\/2025\/08\/AytoPalma.jpg\u00bb _builder_version=\u00bb4.27.4&#8243; _module_preset=\u00bbdefault\u00bb header_font=\u00bbInter||||||||\u00bb text_orientation=\u00bbcenter\u00bb link_option_url=\u00bbhttps:\/\/palmadelrio.es\/\u00bb link_option_url_new_window=\u00bbon\u00bb border_width_all_image=\u00bb5px\u00bb border_color_all_image=\u00bb#E09900&#8243; box_shadow_style_image=\u00bbpreset2&#8243; box_shadow_spread_image=\u00bb10px\u00bb global_colors_info=\u00bb{}\u00bb][\/et_pb_blurb][\/et_pb_column][et_pb_column type=\u00bb1_4&#8243; _builder_version=\u00bb4.27.4&#8243; _module_preset=\u00bbdefault\u00bb global_colors_info=\u00bb{}\u00bb][et_pb_blurb title=\u00bbPDM de Palma del R\u00edo\u00bb image=\u00bbhttps:\/\/www.atletismopalma.org\/wp-content\/uploads\/2025\/08\/Pdm_cuadrado.jpg\u00bb _builder_version=\u00bb4.27.4&#8243; _module_preset=\u00bbdefault\u00bb header_font=\u00bbInter||||||||\u00bb text_orientation=\u00bbcenter\u00bb link_option_url=\u00bbhttps:\/\/palmadelrio.es\/deporte\/\u00bb link_option_url_new_window=\u00bbon\u00bb border_width_all_image=\u00bb5px\u00bb border_color_all_image=\u00bb#E09900&#8243; box_shadow_style_image=\u00bbpreset2&#8243; global_colors_info=\u00bb{}\u00bb][\/et_pb_blurb][\/et_pb_column][\/et_pb_row][et_pb_row _builder_version=\u00bb4.27.4&#8243; _module_preset=\u00bbdefault\u00bb locked=\u00bboff\u00bb global_colors_info=\u00bb{}\u00bb][et_pb_column type=\u00bb4_4&#8243; _builder_version=\u00bb4.27.4&#8243; _module_preset=\u00bbdefault\u00bb global_colors_info=\u00bb{}\u00bb][et_pb_text _builder_version=\u00bb4.27.4&#8243; _module_preset=\u00bbdefault\u00bb text_font=\u00bbInter|700|||||||\u00bb header_font=\u00bbInter|700|on||||||\u00bb header_text_align=\u00bbleft\u00bb header_text_color=\u00bb#000000&#8243; header_font_size=\u00bb20px\u00bb global_colors_info=\u00bb{}\u00bb]<\/p>\n<h2>EMPRESAS COLABORADORAS<\/h2>\n<p>[\/et_pb_text][\/et_pb_column][\/et_pb_row][et_pb_row column_structure=\u00bb1_4,1_4,1_4,1_4&#8243; _builder_version=\u00bb4.27.4&#8243; _module_preset=\u00bbdefault\u00bb custom_margin=\u00bb-24px||-23px||false|false\u00bb border_width_top=\u00bb7px\u00bb border_color_top=\u00bb#E09900&#8243; border_width_bottom=\u00bb7px\u00bb border_color_bottom=\u00bb#E09900&#8243; locked=\u00bboff\u00bb global_colors_info=\u00bb{}\u00bb][et_pb_column type=\u00bb1_4&#8243; _builder_version=\u00bb4.27.4&#8243; _module_preset=\u00bbdefault\u00bb global_colors_info=\u00bb{}\u00bb][et_pb_blurb title=\u00bbRefit Center\u00bb image_icon_background_color=\u00bbRGBA(255,255,255,0)\u00bb image=\u00bbhttps:\/\/www.atletismopalma.org\/wp-content\/uploads\/2025\/08\/refitWeb.jpg\u00bb image_icon_width=\u00bb118%\u00bb _builder_version=\u00bb4.27.4&#8243; _module_preset=\u00bbdefault\u00bb header_font=\u00bbInter||||||||\u00bb header_text_align=\u00bbcenter\u00bb background_color=\u00bbRGBA(255,255,255,0)\u00bb link_option_url_new_window=\u00bbon\u00bb border_color_all=\u00bb#E09900&#8243; border_width_all_image=\u00bb5px\u00bb border_color_all_image=\u00bb#E09900&#8243; box_shadow_style_image=\u00bbpreset2&#8243; box_shadow_horizontal_image=\u00bb21px\u00bb global_colors_info=\u00bb{}\u00bb][\/et_pb_blurb][\/et_pb_column][et_pb_column type=\u00bb1_4&#8243; _builder_version=\u00bb4.27.4&#8243; _module_preset=\u00bbdefault\u00bb global_colors_info=\u00bb{}\u00bb][et_pb_blurb title=\u00bbEstepa Inform\u00e1tica\u00bb image_icon_background_color=\u00bb#E09900&#8243; image=\u00bbhttps:\/\/www.atletismopalma.org\/wp-content\/uploads\/2025\/08\/web-step.jpg\u00bb _builder_version=\u00bb4.27.4&#8243; _module_preset=\u00bbdefault\u00bb header_font=\u00bbInter||||||||\u00bb header_text_align=\u00bbcenter\u00bb link_option_url_new_window=\u00bbon\u00bb border_width_all_image=\u00bb5px\u00bb border_color_all_image=\u00bb#E09900&#8243; box_shadow_style_image=\u00bbpreset2&#8243; box_shadow_horizontal_image=\u00bb10px\u00bb global_colors_info=\u00bb{}\u00bb][\/et_pb_blurb][\/et_pb_column][et_pb_column type=\u00bb1_4&#8243; _builder_version=\u00bb4.27.4&#8243; _module_preset=\u00bbdefault\u00bb global_colors_info=\u00bb{}\u00bb][et_pb_blurb title=\u00bbGrupo COSUOL\u00bb image=\u00bbhttps:\/\/www.atletismopalma.org\/wp-content\/uploads\/2025\/08\/Cosuol.jpg\u00bb _builder_version=\u00bb4.27.4&#8243; _module_preset=\u00bbdefault\u00bb header_font=\u00bbInter||||||||\u00bb text_orientation=\u00bbcenter\u00bb link_option_url_new_window=\u00bbon\u00bb border_width_all_image=\u00bb5px\u00bb border_color_all_image=\u00bb#E09900&#8243; box_shadow_style_image=\u00bbpreset2&#8243; box_shadow_spread_image=\u00bb10px\u00bb global_colors_info=\u00bb{}\u00bb][\/et_pb_blurb][\/et_pb_column][et_pb_column type=\u00bb1_4&#8243; _builder_version=\u00bb4.27.4&#8243; _module_preset=\u00bbdefault\u00bb global_colors_info=\u00bb{}\u00bb][et_pb_blurb title=\u00bbFundaci\u00f3n Caja Rural\u00bb image=\u00bbhttps:\/\/www.atletismopalma.org\/wp-content\/uploads\/2025\/08\/FCajaRural.jpg\u00bb _builder_version=\u00bb4.27.4&#8243; _module_preset=\u00bbdefault\u00bb header_font=\u00bbInter||||||||\u00bb text_orientation=\u00bbcenter\u00bb link_option_url_new_window=\u00bbon\u00bb border_width_all_image=\u00bb5px\u00bb border_color_all_image=\u00bb#E09900&#8243; box_shadow_style_image=\u00bbpreset2&#8243; global_colors_info=\u00bb{}\u00bb][\/et_pb_blurb][\/et_pb_column][\/et_pb_row][et_pb_row _builder_version=\u00bb4.27.4&#8243; _module_preset=\u00bbdefault\u00bb locked=\u00bboff\u00bb global_colors_info=\u00bb{}\u00bb][et_pb_column type=\u00bb4_4&#8243; _builder_version=\u00bb4.27.4&#8243; _module_preset=\u00bbdefault\u00bb global_colors_info=\u00bb{}\u00bb][et_pb_text _builder_version=\u00bb4.27.4&#8243; _module_preset=\u00bbdefault\u00bb text_font=\u00bbInter|700|||||||\u00bb header_font=\u00bbInter|700|on||||||\u00bb header_text_align=\u00bbleft\u00bb header_text_color=\u00bb#000000&#8243; header_font_size=\u00bb20px\u00bb global_colors_info=\u00bb{}\u00bb]<\/p>\n<h2>ENLACES DE INTER\u00c9S<\/h2>\n<p>[\/et_pb_text][\/et_pb_column][\/et_pb_row][et_pb_row column_structure=\u00bb1_3,1_3,1_3&#8243; _builder_version=\u00bb4.27.4&#8243; _module_preset=\u00bbdefault\u00bb custom_margin=\u00bb-24px||-23px||false|false\u00bb border_width_top=\u00bb7px\u00bb border_color_top=\u00bb#E09900&#8243; border_width_bottom=\u00bb7px\u00bb border_color_bottom=\u00bb#E09900&#8243; locked=\u00bboff\u00bb global_colors_info=\u00bb{}\u00bb][et_pb_column type=\u00bb1_3&#8243; _builder_version=\u00bb4.27.4&#8243; _module_preset=\u00bbdefault\u00bb global_colors_info=\u00bb{}\u00bb][et_pb_blurb title=\u00bbRFEA\u00bb image_icon_background_color=\u00bbRGBA(255,255,255,0)\u00bb image=\u00bbhttps:\/\/www.atletismopalma.org\/wp-content\/uploads\/2025\/08\/RFEA.jpg\u00bb image_icon_width=\u00bb118%\u00bb _builder_version=\u00bb4.27.4&#8243; _module_preset=\u00bbdefault\u00bb header_font=\u00bbInter||||||||\u00bb header_text_align=\u00bbcenter\u00bb background_color=\u00bbRGBA(255,255,255,0)\u00bb link_option_url=\u00bbhttps:\/\/atletismorfea.es\/\u00bb link_option_url_new_window=\u00bbon\u00bb border_color_all=\u00bb#E09900&#8243; border_width_all_image=\u00bb5px\u00bb border_color_all_image=\u00bb#E09900&#8243; box_shadow_style_image=\u00bbpreset2&#8243; box_shadow_horizontal_image=\u00bb21px\u00bb global_colors_info=\u00bb{}\u00bb][\/et_pb_blurb][\/et_pb_column][et_pb_column type=\u00bb1_3&#8243; _builder_version=\u00bb4.27.4&#8243; _module_preset=\u00bbdefault\u00bb global_colors_info=\u00bb{}\u00bb][et_pb_blurb title=\u00bbFAA\u00bb image_icon_background_color=\u00bb#E09900&#8243; image=\u00bbhttps:\/\/www.atletismopalma.org\/wp-content\/uploads\/2025\/08\/FAA.jpg\u00bb _builder_version=\u00bb4.27.4&#8243; _module_preset=\u00bbdefault\u00bb header_font=\u00bbInter||||||||\u00bb header_text_align=\u00bbcenter\u00bb link_option_url=\u00bbhttps:\/\/atletismofaa.es\/\u00bb link_option_url_new_window=\u00bbon\u00bb border_width_all_image=\u00bb5px\u00bb border_color_all_image=\u00bb#E09900&#8243; box_shadow_style_image=\u00bbpreset2&#8243; box_shadow_horizontal_image=\u00bb10px\u00bb global_colors_info=\u00bb{}\u00bb][\/et_pb_blurb][\/et_pb_column][et_pb_column type=\u00bb1_3&#8243; _builder_version=\u00bb4.27.4&#8243; _module_preset=\u00bbdefault\u00bb global_colors_info=\u00bb{}\u00bb][et_pb_blurb title=\u00bbCALL ROOM\u00bb image=\u00bbhttps:\/\/www.atletismopalma.org\/wp-content\/uploads\/2025\/08\/Mi_CallRoom.jpg\u00bb _builder_version=\u00bb4.27.4&#8243; _module_preset=\u00bbdefault\u00bb header_font=\u00bbInter||||||||\u00bb text_orientation=\u00bbcenter\u00bb link_option_url=\u00bbhttps:\/\/atletismorfea.es\/user\/login-registro\u00bb link_option_url_new_window=\u00bbon\u00bb border_width_all_image=\u00bb5px\u00bb border_color_all_image=\u00bb#E09900&#8243; box_shadow_style_image=\u00bbpreset2&#8243; box_shadow_spread_image=\u00bb10px\u00bb global_colors_info=\u00bb{}\u00bb][\/et_pb_blurb][\/et_pb_column][\/et_pb_row][\/et_pb_section][et_pb_section fb_built=\u00bb1&#8243; admin_label=\u00bbPopup &#8211; #mensaje\u00bb module_id=\u00bbmensaje\u00bb module_class=\u00bbpopup\u00bb _builder_version=\u00bb4.27.4&#8243; _module_preset=\u00bbdefault\u00bb background_color=\u00bb#E09900&#8243; background_image=\u00bbhttps:\/\/www.atletismopalma.org\/wp-content\/uploads\/2025\/08\/Fondo1.jpg\u00bb width=\u00bb71.8%\u00bb custom_margin=\u00bb|153px||||\u00bb custom_padding=\u00bb|||153px||\u00bb da_is_popup=\u00bbon\u00bb da_popup_slug=\u00bbmensaje\u00bb da_disable_devices=\u00bboff|off|off\u00bb global_colors_info=\u00bb{}\u00bb da_exit_intent=\u00bboff\u00bb da_has_close=\u00bbon\u00bb da_alt_close=\u00bboff\u00bb da_dark_close=\u00bboff\u00bb da_not_modal=\u00bbon\u00bb da_is_singular=\u00bboff\u00bb da_with_loader=\u00bboff\u00bb da_has_shadow=\u00bbon\u00bb][et_pb_row _builder_version=\u00bb4.27.4&#8243; _module_preset=\u00bbdefault\u00bb width=\u00bb88%\u00bb global_colors_info=\u00bb{}\u00bb][et_pb_column type=\u00bb4_4&#8243; _builder_version=\u00bb4.27.4&#8243; _module_preset=\u00bbdefault\u00bb global_colors_info=\u00bb{}\u00bb][et_pb_text _builder_version=\u00bb4.27.4&#8243; _module_preset=\u00bbdefault\u00bb text_font=\u00bbInter||||||||\u00bb text_text_color=\u00bb#FFFFFF\u00bb text_font_size=\u00bb16px\u00bb text_line_height=\u00bb1.8em\u00bb background_color=\u00bbRGBA(255,255,255,0)\u00bb background_enable_image=\u00bboff\u00bb global_colors_info=\u00bb{}\u00bb]<\/p>\n<h2>Aviso<\/h2>\n<p>&#8211; Las personas que ejerzan un desempe\u00f1o profesional con ni\u00f1os, ni\u00f1as y adolescentes (NNA) y detecten posibles situaciones o circunstancias que comprometan el bienestar o pongan en peligro la integridad de alg\u00fan NNA, pueden comunicarlas mediante el uso de forma gratuita, del tel\u00e9fono de notificaci\u00f3n de posibles situaciones de maltrato infantil 900 851 818, quedando garantizado el anonimato de su llamada.<br \/>&#8211; Cualquier profesional que trabaje con NNA puede notificar posibles situaciones de maltrato en el \u00e1mbito familiar a trav\u00e9s del siguiente enlace: https:\/\/ws058.juntadeandalucia.es\/simia\/.<br \/>&#8211; Cualquier persona menor tiene derecho y obligaci\u00f3n de conocer el n\u00famero europeo 116111, que es una l\u00ednea directa para la ayuda a la infancia y adolescencia.<\/p>\n<p>[\/et_pb_text][\/et_pb_column][\/et_pb_row][\/et_pb_section][et_pb_section fb_built=\u00bb1&#8243; disabled_on=\u00bbon|on|on\u00bb admin_label=\u00bbPopup &#8211; #escuela25&#8243; module_id=\u00bbescuela25&#8243; module_class=\u00bbpopup\u00bb _builder_version=\u00bb4.27.4&#8243; _module_preset=\u00bbdefault\u00bb background_color=\u00bb#E09900&#8243; background_image=\u00bbhttps:\/\/www.atletismopalma.org\/wp-content\/uploads\/2025\/08\/Fondo1.jpg\u00bb width=\u00bb70%\u00bb da_is_popup=\u00bbon\u00bb da_popup_slug=\u00bbescuela25&#8243; da_disable_devices=\u00bbon|on|on\u00bb disabled=\u00bbon\u00bb global_colors_info=\u00bb{}\u00bb da_exit_intent=\u00bboff\u00bb da_has_close=\u00bbon\u00bb da_alt_close=\u00bboff\u00bb da_dark_close=\u00bboff\u00bb da_not_modal=\u00bbon\u00bb da_is_singular=\u00bboff\u00bb da_with_loader=\u00bboff\u00bb da_has_shadow=\u00bbon\u00bb][et_pb_row column_structure=\u00bb1_3,2_3&#8243; _builder_version=\u00bb4.27.4&#8243; _module_preset=\u00bbdefault\u00bb global_colors_info=\u00bb{}\u00bb][et_pb_column type=\u00bb1_3&#8243; _builder_version=\u00bb4.27.4&#8243; _module_preset=\u00bbdefault\u00bb global_colors_info=\u00bb{}\u00bb][et_pb_image src=\u00bbhttps:\/\/www.atletismopalma.org\/wp-content\/uploads\/2025\/11\/EncuentroPertiga2025.png\u00bb title_text=\u00bbEncuentroPertiga2025&#8243; _builder_version=\u00bb4.27.4&#8243; _module_preset=\u00bbdefault\u00bb global_colors_info=\u00bb{}\u00bb][\/et_pb_image][\/et_pb_column][et_pb_column type=\u00bb2_3&#8243; _builder_version=\u00bb4.27.4&#8243; _module_preset=\u00bbdefault\u00bb global_colors_info=\u00bb{}\u00bb][et_pb_text _builder_version=\u00bb4.27.4&#8243; _module_preset=\u00bbdefault\u00bb text_font=\u00bbInter||||||||\u00bb text_text_color=\u00bb#FFFFFF\u00bb header_3_text_color=\u00bb#FFFFFF\u00bb custom_margin=\u00bb|-37px||||\u00bb custom_padding=\u00bb|0px||||\u00bb global_colors_info=\u00bb{}\u00bb]<\/p>\n<h3><strong>ENCUENTRO DE P\u00c9RTIGA<\/strong><\/h3>\n<p><span style=\"font-size: 14px;\"><\/span><\/p>\n<p><span style=\"font-size: 14px;\">Sexta edici\u00f3n del Encuentro de Salto con P\u00e9rtiga: \u00abFranqueando Desigualdades\u00bb, que ha reunido en Palma del R\u00edo atletas de distintos puntos de la geograf\u00eda andaluza para participar en un evento, ya consolidado, que ha estrenado nueva ubicaci\u00f3n. En categor\u00eda masculina el triunfo ha sido para \u00c1ngel Romero Romero, atleta del Club de Atletismo Nerja, segundo ha sido Marcos Abril S\u00e1nchez del CAIM M\u00e1laga, y tercera posici\u00f3n para Marcos Calvente Cabrera del Atletismo Pozoblanco. En cuanto a las mujeres, la primera ha sido Marta Mohedo Gallardo del Club de Atletismo Palmathl\u00f3n, segunda Lydia Est\u00e9vez Fern\u00e1ndez del Club de Atletismo Pozoblanco y tercera la atleta del Palmathl\u00f3n Gema Tamarit Mart\u00ednez. Destacar en el aspecto positivo la vuelta progresiva de Gema a la prueba y, en lo negativo la lesi\u00f3n durante el calentamiento, de la atleta pozoalbence Luna S\u00e1nchez.<br \/>Queremos agradecer el trabajo realizado por todos y todas los voluntarios. As\u00ed mismo, la colaboraci\u00f3n de las empresas e instituciones sin los que no ser\u00eda posible organizar este evento.<\/span><\/p>\n<p><span style=\"font-size: 14px;\">Ya puedes consultar los resultados y ver las fotos en el enlace de abajo.<\/span><\/p>\n<p><span style=\"font-size: 14px;\">\u00abEl C.A. Palmathl\u00f3n ha recibido una ayuda de la Diputaci\u00f3n Provincial de C\u00f3rdoba dentro de la Convocatoria de subvenciones <\/span><span style=\"font-size: 14px;\">a entidades deportivas de la provincia de C\u00f3rdoba para la realizaci\u00f3n de actividades deportivas y al apoyo al deporte base, durante el a\u00f1o 2025<\/span><span style=\"font-size: 14px;\">, para la ejecuci\u00f3n del Proyecto <\/span><strong style=\"font-size: 14px;\">De la Promoci\u00f3n a la Competici\u00f3n federada y de alto nivel, <\/strong><span style=\"font-size: 14px;\">donde se encuadra esta actividad<\/span><strong style=\"font-size: 14px;\">\u201d<\/strong><\/p>\n<p>[\/et_pb_text][et_pb_button button_url=\u00bbhttps:\/\/www.atletismopalma.org\/?page_id=724&#8243; button_text=\u00bbM\u00e1s informaci\u00f3n\u00bb _builder_version=\u00bb4.27.4&#8243; _module_preset=\u00bbdefault\u00bb custom_button=\u00bbon\u00bb button_text_size=\u00bb22px\u00bb button_bg_color=\u00bb#FFFFFF\u00bb button_icon=\u00bb&#x24;||divi||400&#8243; global_colors_info=\u00bb{}\u00bb][\/et_pb_button][\/et_pb_column][\/et_pb_row][\/et_pb_section]<\/p>\n","protected":false},"excerpt":{"rendered":"<p>PALMATHL\u00d3NEl Club de Atletismo Palmathl\u00f3n con n\u00famero de inscripci\u00f3n en el Registro Andaluz de Entidades Deportivas (RAED) 021045, en virtud de la Resoluci\u00f3n de 27 de septiembre de 2022, posee sus estatutos actualizados y est\u00e1 inscrita en el C\u00f3digo de Buen Gobierno en el RAED. Sus escuelas est\u00e1n incluidas en el Plan de Deporte Escolar [&hellip;]<\/p>\n","protected":false},"author":1,"featured_media":0,"parent":0,"menu_order":0,"comment_status":"closed","ping_status":"closed","template":"","meta":{"_et_pb_use_builder":"on","_et_pb_old_content":"","_et_gb_content_width":"","footnotes":""},"class_list":["post-178","page","type-page","status-publish","hentry"],"_links":{"self":[{"href":"https:\/\/www.atletismopalma.org\/index.php?rest_route=\/wp\/v2\/pages\/178","targetHints":{"allow":["GET"]}}],"collection":[{"href":"https:\/\/www.atletismopalma.org\/index.php?rest_route=\/wp\/v2\/pages"}],"about":[{"href":"https:\/\/www.atletismopalma.org\/index.php?rest_route=\/wp\/v2\/types\/page"}],"author":[{"embeddable":true,"href":"https:\/\/www.atletismopalma.org\/index.php?rest_route=\/wp\/v2\/users\/1"}],"replies":[{"embeddable":true,"href":"https:\/\/www.atletismopalma.org\/index.php?rest_route=%2Fwp%2Fv2%2Fcomments&post=178"}],"version-history":[{"count":60,"href":"https:\/\/www.atletismopalma.org\/index.php?rest_route=\/wp\/v2\/pages\/178\/revisions"}],"predecessor-version":[{"id":808,"href":"https:\/\/www.atletismopalma.org\/index.php?rest_route=\/wp\/v2\/pages\/178\/revisions\/808"}],"wp:attachment":[{"href":"https:\/\/www.atletismopalma.org\/index.php?rest_route=%2Fwp%2Fv2%2Fmedia&parent=178"}],"curies":[{"name":"wp","href":"https:\/\/api.w.org\/{rel}","templated":true}]}}